{"id":219,"date":"2014-06-12T17:05:18","date_gmt":"2014-06-12T15:05:18","guid":{"rendered":"http:\/\/dekleineschorre.nl\/dev\/?page_id=219"},"modified":"2019-12-27T14:58:31","modified_gmt":"2019-12-27T13:58:31","slug":"ubernachten","status":"publish","type":"page","link":"https:\/\/www.dekleineschorre.nl\/de\/ubernachten","title":{"rendered":"\u00dcbernachten"},"content":{"rendered":"<h1>\u00dcbernachten<\/h1>\n<p>Bei einem l\u00e4ngeren Aufenthalt in <a href=\"http:\/\/www.campingdekleineschorre.nl\" target=\"_blank\">De Kleine Schorre<\/a> k\u00f6nnen Sie auf unserem Campingplatz \u00fcbernachten.<\/p>\n<p>Alternativ k\u00f6nnen wir Ihnen auch einige Unterk\u00fcnfte in der Umgebung empfehlen:<\/p>\n<ul>\n<li>Landal Port Greve &#8211; <a title=\"Landal Port Greve\" href=\"https:\/\/www.landal.nl\/parken\/port-greve\" target=\"_blank\">www.landal.nl\/parken\/port-greve<\/a><\/li>\n<li>Bungalowpark de Kreek, Aquadelta Bruinisse &#8211; <a title=\"Bungalowpark de kreek\" href=\"http:\/\/www.bungalowparkdekreek.nl\" target=\"_blank\">www.bungalowparkdekreek.nl<\/a><\/li>\n<li>Bed &amp; Breakfast De Zeemeermin \u2013 <a href=\"http:\/\/www.bedandbreakfast.nl\/bb\/dezeemeermin\/\" target=\"_blank\">www.bedandbreakfast.nl\/bb\/dezeemeermin\/<\/a><\/li>\n<li>De Zeeuwse Stromen, Renesse \u2013 <a href=\"http:\/\/www.zeeuwsestromen.nl\" target=\"_blank\">www.zeeuwsestromen.nl<\/a><\/li>\n<li>De Kreek, Aquadelta \u2013 <a href=\"http:\/\/www.dekreekopaquadelta.nl\" target=\"_blank\">www.dekreekopaquadelta.nl<\/a><\/li>\n<li>Hotel Bru, Bruinisse &#8211;\u00a0<a href=\"http:\/\/www.hotelbru.nl\/\">www.hotelbru.nl<\/a><\/li>\n<li>Hotel de Drei Schorren, Dreischor &#8211;\u00a0<a href=\"http:\/\/www.dedreischorre.nl\/\">www.dedreischorre.nl<\/a><\/li>\n<li>Hotel de Hostellerie Schuddebeurs &#8211;\u00a0<a href=\"http:\/\/www.schuddebeurs.nl\/\">www.schuddebeurs.nl<\/a><\/li>\n<li>Bed &#038; Breakfast, Schuddebeurs &#8211;\u00a0<a href=\"http:\/\/www.bijbaars.nl\/\">www.bijbaars.nl<\/a>\n<\/li>\n<li>B&#038;B La Boule, Dreischor &#8211;\u00a0<a href=\"https:\/\/www.bedandbreakfast.nl\/bed-and-breakfast-nl\/dreischor\/la-boule\/73561\/\">https:\/\/www.bedandbreakfast.nl\/bed-and-breakfast-nl\/dreischor\/la-boule\/73561\/<\/a>\n<\/li>\n<li>Hotel Mondragon, Zierikzee &#8211;\u00a0<a href=\"https:\/\/www.mondragon.nl\/\">www.mondragon.nl<\/a>\n<\/li>\n<\/ul>\n","protected":false},"excerpt":{"rendered":"<p>\u00dcbernachten Bei einem l\u00e4ngeren Aufenthalt in De Kleine Schorre k\u00f6nnen Sie auf unserem Campingplatz \u00fcbernachten. Alternativ k\u00f6nnen wir Ihnen auch einige Unterk\u00fcnfte in der Umgebung empfehlen: Landal Port Greve &#8211; www.landal.nl\/parken\/port-greve Bungalowpark de Kreek, Aquadelta Bruinisse &#8211; www.bungalowparkdekreek.nl Bed &amp; Breakfast De Zeemeermin \u2013 www.bedandbreakfast.nl\/bb\/dezeemeermin\/ De Zeeuwse Stromen, Renesse \u2013 www.zeeuwsestromen.nl De Kreek, Aquadelta \u2013 [&hellip;]<\/p>\n","protected":false},"author":2,"featured_media":2404,"parent":0,"menu_order":0,"comment_status":"closed","ping_status":"closed","template":"","meta":{"footnotes":""},"class_list":["post-219","page","type-page","status-publish","has-post-thumbnail","hentry"],"yoast_head":"<!-- This site is optimized with the Yoast SEO plugin v26.5 - https:\/\/yoast.com\/wordpress\/plugins\/seo\/ -->\n<title>\u00dcbernachten - Wijnhoeve de Kleine Schorre<\/title>\n<meta name=\"robots\" content=\"index, follow, max-snippet:-1, max-image-preview:large, max-video-preview:-1\" \/>\n<link rel=\"canonical\" href=\"https:\/\/www.dekleineschorre.nl\/de\/ubernachten\" \/>\n<meta property=\"og:locale\" content=\"de_DE\" \/>\n<meta property=\"og:type\" content=\"article\" \/>\n<meta property=\"og:title\" content=\"\u00dcbernachten - Wijnhoeve de Kleine Schorre\" \/>\n<meta property=\"og:description\" content=\"\u00dcbernachten Bei einem l\u00e4ngeren Aufenthalt in De Kleine Schorre k\u00f6nnen Sie auf unserem Campingplatz \u00fcbernachten. Alternativ k\u00f6nnen wir Ihnen auch einige Unterk\u00fcnfte in der Umgebung empfehlen: Landal Port Greve &#8211; www.landal.nl\/parken\/port-greve Bungalowpark de Kreek, Aquadelta Bruinisse &#8211; www.bungalowparkdekreek.nl Bed &amp; Breakfast De Zeemeermin \u2013 www.bedandbreakfast.nl\/bb\/dezeemeermin\/ De Zeeuwse Stromen, Renesse \u2013 www.zeeuwsestromen.nl De Kreek, Aquadelta \u2013 [&hellip;]\" \/>\n<meta property=\"og:url\" content=\"https:\/\/www.dekleineschorre.nl\/de\/ubernachten\" \/>\n<meta property=\"og:site_name\" content=\"Wijnhoeve de Kleine Schorre\" \/>\n<meta property=\"article:modified_time\" content=\"2019-12-27T13:58:31+00:00\" \/>\n<meta property=\"og:image\" content=\"https:\/\/www.dekleineschorre.nl\/wp-content\/uploads\/header-overnachten-camping-de-kleine-schorre.jpg\" \/>\n\t<meta property=\"og:image:width\" content=\"2000\" \/>\n\t<meta property=\"og:image:height\" content=\"616\" \/>\n\t<meta property=\"og:image:type\" content=\"image\/jpeg\" \/>\n<meta name=\"twitter:label1\" content=\"Gesch\u00e4tzte Lesezeit\" \/>\n\t<meta name=\"twitter:data1\" content=\"1\u00a0Minute\" \/>\n<script type=\"application\/ld+json\" class=\"yoast-schema-graph\">{\"@context\":\"https:\/\/schema.org\",\"@graph\":[{\"@type\":\"WebPage\",\"@id\":\"https:\/\/www.dekleineschorre.nl\/de\/ubernachten\",\"url\":\"https:\/\/www.dekleineschorre.nl\/de\/ubernachten\",\"name\":\"\u00dcbernachten - Wijnhoeve de Kleine Schorre\",\"isPartOf\":{\"@id\":\"https:\/\/www.dekleineschorre.nl\/#website\"},\"primaryImageOfPage\":{\"@id\":\"https:\/\/www.dekleineschorre.nl\/de\/ubernachten#primaryimage\"},\"image\":{\"@id\":\"https:\/\/www.dekleineschorre.nl\/de\/ubernachten#primaryimage\"},\"thumbnailUrl\":\"https:\/\/www.dekleineschorre.nl\/wp-content\/uploads\/header-overnachten-camping-de-kleine-schorre.jpg\",\"datePublished\":\"2014-06-12T15:05:18+00:00\",\"dateModified\":\"2019-12-27T13:58:31+00:00\",\"breadcrumb\":{\"@id\":\"https:\/\/www.dekleineschorre.nl\/de\/ubernachten#breadcrumb\"},\"inLanguage\":\"de\",\"potentialAction\":[{\"@type\":\"ReadAction\",\"target\":[\"https:\/\/www.dekleineschorre.nl\/de\/ubernachten\"]}]},{\"@type\":\"ImageObject\",\"inLanguage\":\"de\",\"@id\":\"https:\/\/www.dekleineschorre.nl\/de\/ubernachten#primaryimage\",\"url\":\"https:\/\/www.dekleineschorre.nl\/wp-content\/uploads\/header-overnachten-camping-de-kleine-schorre.jpg\",\"contentUrl\":\"https:\/\/www.dekleineschorre.nl\/wp-content\/uploads\/header-overnachten-camping-de-kleine-schorre.jpg\",\"width\":2000,\"height\":616},{\"@type\":\"BreadcrumbList\",\"@id\":\"https:\/\/www.dekleineschorre.nl\/de\/ubernachten#breadcrumb\",\"itemListElement\":[{\"@type\":\"ListItem\",\"position\":1,\"name\":\"Home\",\"item\":\"https:\/\/www.dekleineschorre.nl\/de\"},{\"@type\":\"ListItem\",\"position\":2,\"name\":\"\u00dcbernachten\"}]},{\"@type\":\"WebSite\",\"@id\":\"https:\/\/www.dekleineschorre.nl\/#website\",\"url\":\"https:\/\/www.dekleineschorre.nl\/\",\"name\":\"Wijnhoeve de Kleine Schorre\",\"description\":\"\",\"potentialAction\":[{\"@type\":\"SearchAction\",\"target\":{\"@type\":\"EntryPoint\",\"urlTemplate\":\"https:\/\/www.dekleineschorre.nl\/?s={search_term_string}\"},\"query-input\":{\"@type\":\"PropertyValueSpecification\",\"valueRequired\":true,\"valueName\":\"search_term_string\"}}],\"inLanguage\":\"de\"}]}<\/script>\n<!-- \/ Yoast SEO plugin. -->","yoast_head_json":{"title":"\u00dcbernachten - Wijnhoeve de Kleine Schorre","robots":{"index":"index","follow":"follow","max-snippet":"max-snippet:-1","max-image-preview":"max-image-preview:large","max-video-preview":"max-video-preview:-1"},"canonical":"https:\/\/www.dekleineschorre.nl\/de\/ubernachten","og_locale":"de_DE","og_type":"article","og_title":"\u00dcbernachten - Wijnhoeve de Kleine Schorre","og_description":"\u00dcbernachten Bei einem l\u00e4ngeren Aufenthalt in De Kleine Schorre k\u00f6nnen Sie auf unserem Campingplatz \u00fcbernachten. Alternativ k\u00f6nnen wir Ihnen auch einige Unterk\u00fcnfte in der Umgebung empfehlen: Landal Port Greve &#8211; www.landal.nl\/parken\/port-greve Bungalowpark de Kreek, Aquadelta Bruinisse &#8211; www.bungalowparkdekreek.nl Bed &amp; Breakfast De Zeemeermin \u2013 www.bedandbreakfast.nl\/bb\/dezeemeermin\/ De Zeeuwse Stromen, Renesse \u2013 www.zeeuwsestromen.nl De Kreek, Aquadelta \u2013 [&hellip;]","og_url":"https:\/\/www.dekleineschorre.nl\/de\/ubernachten","og_site_name":"Wijnhoeve de Kleine Schorre","article_modified_time":"2019-12-27T13:58:31+00:00","og_image":[{"width":2000,"height":616,"url":"https:\/\/www.dekleineschorre.nl\/wp-content\/uploads\/header-overnachten-camping-de-kleine-schorre.jpg","type":"image\/jpeg"}],"twitter_misc":{"Gesch\u00e4tzte Lesezeit":"1\u00a0Minute"},"schema":{"@context":"https:\/\/schema.org","@graph":[{"@type":"WebPage","@id":"https:\/\/www.dekleineschorre.nl\/de\/ubernachten","url":"https:\/\/www.dekleineschorre.nl\/de\/ubernachten","name":"\u00dcbernachten - Wijnhoeve de Kleine Schorre","isPartOf":{"@id":"https:\/\/www.dekleineschorre.nl\/#website"},"primaryImageOfPage":{"@id":"https:\/\/www.dekleineschorre.nl\/de\/ubernachten#primaryimage"},"image":{"@id":"https:\/\/www.dekleineschorre.nl\/de\/ubernachten#primaryimage"},"thumbnailUrl":"https:\/\/www.dekleineschorre.nl\/wp-content\/uploads\/header-overnachten-camping-de-kleine-schorre.jpg","datePublished":"2014-06-12T15:05:18+00:00","dateModified":"2019-12-27T13:58:31+00:00","breadcrumb":{"@id":"https:\/\/www.dekleineschorre.nl\/de\/ubernachten#breadcrumb"},"inLanguage":"de","potentialAction":[{"@type":"ReadAction","target":["https:\/\/www.dekleineschorre.nl\/de\/ubernachten"]}]},{"@type":"ImageObject","inLanguage":"de","@id":"https:\/\/www.dekleineschorre.nl\/de\/ubernachten#primaryimage","url":"https:\/\/www.dekleineschorre.nl\/wp-content\/uploads\/header-overnachten-camping-de-kleine-schorre.jpg","contentUrl":"https:\/\/www.dekleineschorre.nl\/wp-content\/uploads\/header-overnachten-camping-de-kleine-schorre.jpg","width":2000,"height":616},{"@type":"BreadcrumbList","@id":"https:\/\/www.dekleineschorre.nl\/de\/ubernachten#breadcrumb","itemListElement":[{"@type":"ListItem","position":1,"name":"Home","item":"https:\/\/www.dekleineschorre.nl\/de"},{"@type":"ListItem","position":2,"name":"\u00dcbernachten"}]},{"@type":"WebSite","@id":"https:\/\/www.dekleineschorre.nl\/#website","url":"https:\/\/www.dekleineschorre.nl\/","name":"Wijnhoeve de Kleine Schorre","description":"","potentialAction":[{"@type":"SearchAction","target":{"@type":"EntryPoint","urlTemplate":"https:\/\/www.dekleineschorre.nl\/?s={search_term_string}"},"query-input":{"@type":"PropertyValueSpecification","valueRequired":true,"valueName":"search_term_string"}}],"inLanguage":"de"}]}},"_links":{"self":[{"href":"https:\/\/www.dekleineschorre.nl\/de\/wp-json\/wp\/v2\/pages\/219","targetHints":{"allow":["GET"]}}],"collection":[{"href":"https:\/\/www.dekleineschorre.nl\/de\/wp-json\/wp\/v2\/pages"}],"about":[{"href":"https:\/\/www.dekleineschorre.nl\/de\/wp-json\/wp\/v2\/types\/page"}],"author":[{"embeddable":true,"href":"https:\/\/www.dekleineschorre.nl\/de\/wp-json\/wp\/v2\/users\/2"}],"replies":[{"embeddable":true,"href":"https:\/\/www.dekleineschorre.nl\/de\/wp-json\/wp\/v2\/comments?post=219"}],"version-history":[{"count":6,"href":"https:\/\/www.dekleineschorre.nl\/de\/wp-json\/wp\/v2\/pages\/219\/revisions"}],"predecessor-version":[{"id":3234,"href":"https:\/\/www.dekleineschorre.nl\/de\/wp-json\/wp\/v2\/pages\/219\/revisions\/3234"}],"wp:featuredmedia":[{"embeddable":true,"href":"https:\/\/www.dekleineschorre.nl\/de\/wp-json\/wp\/v2\/media\/2404"}],"wp:attachment":[{"href":"https:\/\/www.dekleineschorre.nl\/de\/wp-json\/wp\/v2\/media?parent=219"}],"curies":[{"name":"wp","href":"https:\/\/api.w.org\/{rel}","templated":true}]}}