{"id":206,"date":"2014-06-12T17:01:50","date_gmt":"2014-06-12T15:01:50","guid":{"rendered":"http:\/\/dekleineschorre.nl\/dev\/?page_id=206"},"modified":"2021-01-12T14:56:09","modified_gmt":"2021-01-12T13:56:09","slug":"besuchen","status":"publish","type":"page","link":"https:\/\/www.dekleineschorre.nl\/de\/besuchen","title":{"rendered":"Besuch"},"content":{"rendered":"<h1>Besuch<\/h1>\n<h2>F\u00fchrung \/ Weinprobe<\/h2>\n<p>Wollten Sie schon immer mal mehr \u00fcber den Wachstumsprozess der Trauben und die Abf\u00fcllung des Weines wissen oder einfach ein paar k\u00f6stliche Weine probieren? Beim Weingut De Kleine Schorre k\u00f6nnen Sie alle Ihre Fragen \u00fcber Wein stellen und nat\u00fcrlich ganz ausf\u00fchrlich verschiedene Weinsorten probieren. F\u00fcr Gruppen ab 10 Personen haben wir \u00fcber das ganze Jahr hinweg ein vielseitiges Angebot. W\u00e4hrend der Sommersaison bieten wir auch Rundg\u00e4nge f\u00fcr Einzelpersonen und kleinere Gruppen an festgelegten Tagen an! <a title=\"Fuhrung weinprobe\" href=\"https:\/\/www.dekleineschorre.nl\/de\/besuchen\/fuhrung-weinprobe\">Weitere Informationen dazu finden Sie hier<\/a><\/p>\n<h2>Probierlokal <i>de Kleine Schorre<\/i> (Speisen und Getr\u00e4nke)<\/h2>\n<p><img loading=\"lazy\" decoding=\"async\" width=\"1000\" height=\"356\" src=\"https:\/\/www.dekleineschorre.nl\/wp-content\/uploads\/proeflokaal-de-kleine-schorre-1.jpg\" alt=\"\" class=\"alignnone size-full wp-image-2382\" \/><\/p>\n<p>Besuchen Sie unsere sonnige Terrasse und genie\u00dfen Sie dort ein leckeres Fr\u00fchst\u00fcck oder Mittagessen. Mit anderen Worten: Schauen Sie vorbei und kommen Sie in den Genuss der vielen Delikatessen, die Zeeland zu bieten hat. Unser ger\u00e4umiges Probierlokal ist f\u00fcr bis zu 200 Personen geeignet und bietet Ihnen viele M\u00f6glichkeiten, um dort Ihre Veranstaltung, Party und Feierlichkeiten auszurichten. <\/p>\n<p><a title=\"probierlokal de Zeeuwse Zilte Zaligheden\" href=\"https:\/\/www.proeflokaaldekleineschorre.nl\">Weitere Informationen<\/a><\/p>\n<p><a href=\"https:\/\/www.dekleineschorre.nl\/360-gradenfoto-proeflokaal\" target=\"_blank\" rel=\"noopener noreferrer\">Machen Sie eine virtuelle F\u00fchrung durch das Probierlokal <\/a><\/p>\n<h2>Hofladen<\/h2>\n<p><img loading=\"lazy\" decoding=\"async\" width=\"1000\" height=\"356\" src=\"https:\/\/www.dekleineschorre.nl\/wp-content\/uploads\/boerderijwinkel-de-kleine-schorre-geschenkpakketten.jpg\" alt=\"\" class=\"alignnone size-full wp-image-2383\" \/><\/p>\n<p><a href=\"https:\/\/www.dekleineschorre.nl\/360-gradenfoto-boerderijwinkel\">Schauen Sie sich die virtuelle F\u00fchrung durch den Hofladen an.<\/a><\/p>\n<table style=\"margin-top: 0px;\">\n<tbody>\n<tr>\n<td>Montag<\/td>\n<td>09:00 &#8211; 17:30\u00a0Uhr<\/td>\n<\/tr>\n<tr>\n<td>Dienstag<\/td>\n<td>09:00 &#8211; 17:30 Uhr<\/td>\n<\/tr>\n<tr>\n<td>Mittwoch<\/td>\n<td>09:00 &#8211; 17:30 Uhr<\/td>\n<\/tr>\n<tr>\n<td>Donnerstag<\/td>\n<td>09:00 &#8211; 17:30 Uhr<\/td>\n<\/tr>\n<tr>\n<td>Freitag<\/td>\n<td>09:00 &#8211; 17:30 Uhr<\/td>\n<\/tr>\n<tr>\n<td>Samstag<\/td>\n<td>09:00 &#8211; 17:30 Uhr<\/td>\n<\/tr>\n<tr>\n<td>Sonntag<\/td>\n<td>geschlossen<\/td>\n<\/tr>\n<\/tbody>\n<\/table>\n<h1>Camping<\/h1>\n<p><img loading=\"lazy\" decoding=\"async\" width=\"1000\" height=\"356\" src=\"https:\/\/www.dekleineschorre.nl\/wp-content\/uploads\/camping-de-kleine-schorre-1.jpg\" alt=\"\" class=\"alignnone size-full wp-image-2384\" \/><\/p>\n<p>Mitten auf der pr\u00e4chtigen, ehemaligen Insel Schouwen-Duiveland finden Sie unseren h\u00fcbschen Bauernhofcamping und das Weingut &#8222;De Kleine Schorre&#8220;. Wir bieten ger\u00e4umige Standpl\u00e4tze mit einer Fl\u00e4che von\u00a0165qm inklusive\u00a0Elektrizit\u00e4t (16A), Wasserzugang und Anschluss an die Kanalisation.<br \/>\n<a href=\"http:\/\/www.campingdekleineschorre.nl\/\" target=\"_blank\" rel=\"noopener noreferrer\">www.campingdekleineschorre.nl<\/a><\/p>\n<p><a href=\"https:\/\/www.dekleineschorre.nl\/360-gradenfoto-boerderijwinkel\" target=\"_blank\" rel=\"noopener noreferrer\">Schauen Sie sich die virtuelle F\u00fchrung \u00fcber den Campingplatz an.<\/a><\/p>\n","protected":false},"excerpt":{"rendered":"<p>Besuch F\u00fchrung \/ Weinprobe Wollten Sie schon immer mal mehr \u00fcber den Wachstumsprozess der Trauben und die Abf\u00fcllung des Weines wissen oder einfach ein paar k\u00f6stliche Weine probieren? Beim Weingut De Kleine Schorre k\u00f6nnen Sie alle Ihre Fragen \u00fcber Wein stellen und nat\u00fcrlich ganz ausf\u00fchrlich verschiedene Weinsorten probieren. F\u00fcr Gruppen ab 10 Personen haben wir [&hellip;]<\/p>\n","protected":false},"author":2,"featured_media":2435,"parent":0,"menu_order":0,"comment_status":"closed","ping_status":"closed","template":"","meta":{"footnotes":""},"class_list":["post-206","page","type-page","status-publish","has-post-thumbnail","hentry"],"yoast_head":"<!-- This site is optimized with the Yoast SEO plugin v26.5 - https:\/\/yoast.com\/wordpress\/plugins\/seo\/ -->\n<title>Besuch - Wijnhoeve de Kleine Schorre<\/title>\n<meta name=\"robots\" content=\"index, follow, max-snippet:-1, max-image-preview:large, max-video-preview:-1\" \/>\n<link rel=\"canonical\" href=\"https:\/\/www.dekleineschorre.nl\/de\/besuchen\" \/>\n<meta property=\"og:locale\" content=\"de_DE\" \/>\n<meta property=\"og:type\" content=\"article\" \/>\n<meta property=\"og:title\" content=\"Besuch - Wijnhoeve de Kleine Schorre\" \/>\n<meta property=\"og:description\" content=\"Besuch F\u00fchrung \/ Weinprobe Wollten Sie schon immer mal mehr \u00fcber den Wachstumsprozess der Trauben und die Abf\u00fcllung des Weines wissen oder einfach ein paar k\u00f6stliche Weine probieren? Beim Weingut De Kleine Schorre k\u00f6nnen Sie alle Ihre Fragen \u00fcber Wein stellen und nat\u00fcrlich ganz ausf\u00fchrlich verschiedene Weinsorten probieren. F\u00fcr Gruppen ab 10 Personen haben wir [&hellip;]\" \/>\n<meta property=\"og:url\" content=\"https:\/\/www.dekleineschorre.nl\/de\/besuchen\" \/>\n<meta property=\"og:site_name\" content=\"Wijnhoeve de Kleine Schorre\" \/>\n<meta property=\"article:modified_time\" content=\"2021-01-12T13:56:09+00:00\" \/>\n<meta property=\"og:image\" content=\"https:\/\/www.dekleineschorre.nl\/wp-content\/uploads\/header-bezoek-de-wijnhoeve-rondleiding-wijngaard.jpg\" \/>\n\t<meta property=\"og:image:width\" content=\"2000\" \/>\n\t<meta property=\"og:image:height\" content=\"616\" \/>\n\t<meta property=\"og:image:type\" content=\"image\/jpeg\" \/>\n<meta name=\"twitter:label1\" content=\"Gesch\u00e4tzte Lesezeit\" \/>\n\t<meta name=\"twitter:data1\" content=\"1\u00a0Minute\" \/>\n<script type=\"application\/ld+json\" class=\"yoast-schema-graph\">{\"@context\":\"https:\/\/schema.org\",\"@graph\":[{\"@type\":\"WebPage\",\"@id\":\"https:\/\/www.dekleineschorre.nl\/de\/besuchen\",\"url\":\"https:\/\/www.dekleineschorre.nl\/de\/besuchen\",\"name\":\"Besuch - Wijnhoeve de Kleine Schorre\",\"isPartOf\":{\"@id\":\"https:\/\/www.dekleineschorre.nl\/#website\"},\"primaryImageOfPage\":{\"@id\":\"https:\/\/www.dekleineschorre.nl\/de\/besuchen#primaryimage\"},\"image\":{\"@id\":\"https:\/\/www.dekleineschorre.nl\/de\/besuchen#primaryimage\"},\"thumbnailUrl\":\"https:\/\/www.dekleineschorre.nl\/wp-content\/uploads\/header-bezoek-de-wijnhoeve-rondleiding-wijngaard.jpg\",\"datePublished\":\"2014-06-12T15:01:50+00:00\",\"dateModified\":\"2021-01-12T13:56:09+00:00\",\"breadcrumb\":{\"@id\":\"https:\/\/www.dekleineschorre.nl\/de\/besuchen#breadcrumb\"},\"inLanguage\":\"de\",\"potentialAction\":[{\"@type\":\"ReadAction\",\"target\":[\"https:\/\/www.dekleineschorre.nl\/de\/besuchen\"]}]},{\"@type\":\"ImageObject\",\"inLanguage\":\"de\",\"@id\":\"https:\/\/www.dekleineschorre.nl\/de\/besuchen#primaryimage\",\"url\":\"https:\/\/www.dekleineschorre.nl\/wp-content\/uploads\/header-bezoek-de-wijnhoeve-rondleiding-wijngaard.jpg\",\"contentUrl\":\"https:\/\/www.dekleineschorre.nl\/wp-content\/uploads\/header-bezoek-de-wijnhoeve-rondleiding-wijngaard.jpg\",\"width\":2000,\"height\":616},{\"@type\":\"BreadcrumbList\",\"@id\":\"https:\/\/www.dekleineschorre.nl\/de\/besuchen#breadcrumb\",\"itemListElement\":[{\"@type\":\"ListItem\",\"position\":1,\"name\":\"Home\",\"item\":\"https:\/\/www.dekleineschorre.nl\/de\"},{\"@type\":\"ListItem\",\"position\":2,\"name\":\"Besuch\"}]},{\"@type\":\"WebSite\",\"@id\":\"https:\/\/www.dekleineschorre.nl\/#website\",\"url\":\"https:\/\/www.dekleineschorre.nl\/\",\"name\":\"Wijnhoeve de Kleine Schorre\",\"description\":\"\",\"potentialAction\":[{\"@type\":\"SearchAction\",\"target\":{\"@type\":\"EntryPoint\",\"urlTemplate\":\"https:\/\/www.dekleineschorre.nl\/?s={search_term_string}\"},\"query-input\":{\"@type\":\"PropertyValueSpecification\",\"valueRequired\":true,\"valueName\":\"search_term_string\"}}],\"inLanguage\":\"de\"}]}<\/script>\n<!-- \/ Yoast SEO plugin. -->","yoast_head_json":{"title":"Besuch - Wijnhoeve de Kleine Schorre","robots":{"index":"index","follow":"follow","max-snippet":"max-snippet:-1","max-image-preview":"max-image-preview:large","max-video-preview":"max-video-preview:-1"},"canonical":"https:\/\/www.dekleineschorre.nl\/de\/besuchen","og_locale":"de_DE","og_type":"article","og_title":"Besuch - Wijnhoeve de Kleine Schorre","og_description":"Besuch F\u00fchrung \/ Weinprobe Wollten Sie schon immer mal mehr \u00fcber den Wachstumsprozess der Trauben und die Abf\u00fcllung des Weines wissen oder einfach ein paar k\u00f6stliche Weine probieren? Beim Weingut De Kleine Schorre k\u00f6nnen Sie alle Ihre Fragen \u00fcber Wein stellen und nat\u00fcrlich ganz ausf\u00fchrlich verschiedene Weinsorten probieren. F\u00fcr Gruppen ab 10 Personen haben wir [&hellip;]","og_url":"https:\/\/www.dekleineschorre.nl\/de\/besuchen","og_site_name":"Wijnhoeve de Kleine Schorre","article_modified_time":"2021-01-12T13:56:09+00:00","og_image":[{"width":2000,"height":616,"url":"https:\/\/www.dekleineschorre.nl\/wp-content\/uploads\/header-bezoek-de-wijnhoeve-rondleiding-wijngaard.jpg","type":"image\/jpeg"}],"twitter_misc":{"Gesch\u00e4tzte Lesezeit":"1\u00a0Minute"},"schema":{"@context":"https:\/\/schema.org","@graph":[{"@type":"WebPage","@id":"https:\/\/www.dekleineschorre.nl\/de\/besuchen","url":"https:\/\/www.dekleineschorre.nl\/de\/besuchen","name":"Besuch - Wijnhoeve de Kleine Schorre","isPartOf":{"@id":"https:\/\/www.dekleineschorre.nl\/#website"},"primaryImageOfPage":{"@id":"https:\/\/www.dekleineschorre.nl\/de\/besuchen#primaryimage"},"image":{"@id":"https:\/\/www.dekleineschorre.nl\/de\/besuchen#primaryimage"},"thumbnailUrl":"https:\/\/www.dekleineschorre.nl\/wp-content\/uploads\/header-bezoek-de-wijnhoeve-rondleiding-wijngaard.jpg","datePublished":"2014-06-12T15:01:50+00:00","dateModified":"2021-01-12T13:56:09+00:00","breadcrumb":{"@id":"https:\/\/www.dekleineschorre.nl\/de\/besuchen#breadcrumb"},"inLanguage":"de","potentialAction":[{"@type":"ReadAction","target":["https:\/\/www.dekleineschorre.nl\/de\/besuchen"]}]},{"@type":"ImageObject","inLanguage":"de","@id":"https:\/\/www.dekleineschorre.nl\/de\/besuchen#primaryimage","url":"https:\/\/www.dekleineschorre.nl\/wp-content\/uploads\/header-bezoek-de-wijnhoeve-rondleiding-wijngaard.jpg","contentUrl":"https:\/\/www.dekleineschorre.nl\/wp-content\/uploads\/header-bezoek-de-wijnhoeve-rondleiding-wijngaard.jpg","width":2000,"height":616},{"@type":"BreadcrumbList","@id":"https:\/\/www.dekleineschorre.nl\/de\/besuchen#breadcrumb","itemListElement":[{"@type":"ListItem","position":1,"name":"Home","item":"https:\/\/www.dekleineschorre.nl\/de"},{"@type":"ListItem","position":2,"name":"Besuch"}]},{"@type":"WebSite","@id":"https:\/\/www.dekleineschorre.nl\/#website","url":"https:\/\/www.dekleineschorre.nl\/","name":"Wijnhoeve de Kleine Schorre","description":"","potentialAction":[{"@type":"SearchAction","target":{"@type":"EntryPoint","urlTemplate":"https:\/\/www.dekleineschorre.nl\/?s={search_term_string}"},"query-input":{"@type":"PropertyValueSpecification","valueRequired":true,"valueName":"search_term_string"}}],"inLanguage":"de"}]}},"_links":{"self":[{"href":"https:\/\/www.dekleineschorre.nl\/de\/wp-json\/wp\/v2\/pages\/206","targetHints":{"allow":["GET"]}}],"collection":[{"href":"https:\/\/www.dekleineschorre.nl\/de\/wp-json\/wp\/v2\/pages"}],"about":[{"href":"https:\/\/www.dekleineschorre.nl\/de\/wp-json\/wp\/v2\/types\/page"}],"author":[{"embeddable":true,"href":"https:\/\/www.dekleineschorre.nl\/de\/wp-json\/wp\/v2\/users\/2"}],"replies":[{"embeddable":true,"href":"https:\/\/www.dekleineschorre.nl\/de\/wp-json\/wp\/v2\/comments?post=206"}],"version-history":[{"count":7,"href":"https:\/\/www.dekleineschorre.nl\/de\/wp-json\/wp\/v2\/pages\/206\/revisions"}],"predecessor-version":[{"id":3365,"href":"https:\/\/www.dekleineschorre.nl\/de\/wp-json\/wp\/v2\/pages\/206\/revisions\/3365"}],"wp:featuredmedia":[{"embeddable":true,"href":"https:\/\/www.dekleineschorre.nl\/de\/wp-json\/wp\/v2\/media\/2435"}],"wp:attachment":[{"href":"https:\/\/www.dekleineschorre.nl\/de\/wp-json\/wp\/v2\/media?parent=206"}],"curies":[{"name":"wp","href":"https:\/\/api.w.org\/{rel}","templated":true}]}}