{"id":198,"date":"2014-06-12T17:00:11","date_gmt":"2014-06-12T15:00:11","guid":{"rendered":"http:\/\/dekleineschorre.nl\/dev\/?page_id=198"},"modified":"2022-02-09T19:28:01","modified_gmt":"2022-02-09T18:28:01","slug":"198-2","status":"publish","type":"page","link":"https:\/\/www.dekleineschorre.nl\/de\/198-2","title":{"rendered":"Unser Sortiment"},"content":{"rendered":"<h1>Unser Sortiment<\/h1>\n<h2>Unsere niederl\u00e4ndischen Weine<\/h2>\n<blockquote><p>&#8222;Alle Weine von \u201cDe Kleine Schorre\u201d sind rein und damit\u00a0technisch makellos.&#8220; &#8211; Hubrecht Duijker, Weinkolumnist des Financieel Dagblad<\/p><\/blockquote>\n<p>Unsere Auswahl an Weinen wird aus klassischen Traubensorten gewonnen, die urspr\u00fcnglich aus dem Elsass stammen. Die ansprechenden Cuv\u00e9es wurden auf unsere \u201eZeel\u00e4ndischen Salzigen Delikatessen\u201c abgestimmt und passen wunderbar zu Muscheln, Austern, Oosterschelde-Hummern und Plattfischen.<\/p>\n<h2>Verkaufsstellen unserer Weine<\/h2>\n<p>Sie k\u00f6nnen unsere Weine auch <a href=\"https:\/\/www.dekleineschorre.nl\/de\/bestellen\">online bestellen<\/a>. Finden\u00a0Sie <a href=\"https:\/\/www.dekleineschorre.nl\/bestellen\/verkooppunten\">hier<\/a> unsere Verkaufsstellen in Ihrer N\u00e4he.<br \/>\n<a href=\"https:\/\/hubrechtduijker.com\" target=\"_blank\" rel=\"noopener noreferrer\"><img decoding=\"async\" class=\"\" style=\"width: 150px; margin-top: 20px;\" src=\"https:\/\/www.dekleineschorre.nl\/wp-content\/uploads\/Hubrecht-Duijker-DE-300x139.jpg\" alt=\"\" width=\"150px\" align=\"right\" \/><\/a><\/p>\n<h3>Schouwen-D\u00aeuiveland Rivaner+<br \/>\n(<em>Auswahl KLM World Businessclass<\/em>)<\/h3>\n<p><em>&#8222;Ein besonders frischer, fruchtiger Wein mit einer Note\u00a0von Litschi, Pfirsich und Birne und einer\u00a0leichten Perlung machen\u00a0diesen Wein komplett.&#8220;<\/em><\/p>\n<p>Durch seine leichte S\u00fc\u00dfe und Frische l\u00e4sst sich dieser Wein hervorragend mit herzhaften zeel\u00e4ndischen K\u00f6stlichkeiten, sowie Garnelen und Krabben kombinieren. Au\u00dferdem\u00a0passt er gut zu pikanten Gerichten und Salaten.<\/p>\n<p><a href=\"https:\/\/hubrechtduijker.com\" target=\"_blank\" rel=\"noopener noreferrer\"><img decoding=\"async\" class=\"\" style=\"width: 150px; margin-top: 20px;\" src=\"https:\/\/www.dekleineschorre.nl\/wp-content\/uploads\/Best-uit-de-test-300x49.jpg\" alt=\"\" width=\"150px\" align=\"right\" \/><\/a><\/p>\n<h3>Schouwen-D\u00aeuiveland Auxerrois+<br \/>\n(<em>Auswahl KLM World Businessclass<\/em>)<\/h3>\n<p><em>&#8222;Lebendig, frisch, mit feinen\u00a0Akzenten von Apfel, Zitrone und mild tendierend nach Pfirsich und Birne.&#8220;<\/em><\/p>\n<p>Die Traubensorte Auxerrois ist eine Pinot Blanc Variante, allerdings mit einem geringeren S\u00e4uregehalt und etwas extraktreicher als der Pinot Blanc. Die Traubensorte Auxerrois bereichert den Geschmack dieses harmonischen Cuv\u00e9es. Schmeckt hervorragend zu gebratener Seezunge.<\/p>\n<p><a href=\"https:\/\/hubrechtduijker.com\" target=\"_blank\" rel=\"noopener noreferrer\"><img decoding=\"async\" class=\"\" style=\"width: 150px; margin-top: 20px;\" src=\"https:\/\/www.dekleineschorre.nl\/wp-content\/uploads\/Hubrecht-Duijker-DE-300x139.jpg\" alt=\"\" width=\"150px\" align=\"right\" \/><\/a><\/p>\n<h3>Schouwen-D\u00aeuiveland Blanc+<br \/>\n(<em>Auswahl KLM World Businessclass<\/em>)<\/h3>\n<p><em>&#8222;Saftig, fast perlend frisch, fruchtig mit dem Duft von Zitronen und Apfel\/Birne und einem leichten Hauch von Kr\u00e4utern.&#8220;<\/em><\/p>\n<p>Der Pinot Blanc ist ein frischer und fruchtig abgerundeter Wein, der weich und rund erscheint. Ein Wein, der zu\u00a0allen Anl\u00e4ssen gut passt. K\u00f6stlich als Aperitif;\u00a0er\u00a0hat aber auch gen\u00fcgend Geschmack und Struktur, um diverse Fisch- und Schalentiergerichte zu veredeln. Es ist ein idealer Muschelwein. Hervorragend geeignet um ihn jung zu trinken.<\/p>\n<p><a href=\"https:\/\/hubrechtduijker.com\" target=\"_blank\" rel=\"noopener noreferrer\"><img decoding=\"async\" class=\"\" style=\"width: 150px; margin-top: 20px;\" src=\"https:\/\/www.dekleineschorre.nl\/wp-content\/uploads\/Hubrecht-Duijker-DE-300x139.jpg\" alt=\"\" width=\"150px\" align=\"right\" \/><\/a><\/p>\n<h3>Schouwen-D\u00aeuiveland Gris+<\/h3>\n<p><em>&#8218;Einerseits sehr frisch, andererseits ein bisschen s\u00fc\u00df und zudem saftig, mit einem Hauch wei\u00dfer Fr\u00fcchte und einem leicht angedeuteten Rosinengeschmack im Abgang.&#8216;<\/em><\/p>\n<p>Der Wein, der die Traubensorte Pinot Gris liefert, ist kr\u00e4ftig und zugleich\u00a0besonders fein. Der Wein hat einen komplexen Duft\u00a0mit\u00a0manchmal rauchiger Note und verf\u00fcgt \u00fcber einen S\u00e4uregehalt, der hoch genug ist, um zu altern. Schmeckt sehr gut zu Krebsen und Austern.<\/p>\n<h3>Brut de Z\u00e9lande &#8211; Cr\u00e9mant De Kleine Schorre<\/h3>\n<p><em>&#8218;Angenehme, frische D\u00fcfte und eine besonders feine Mousse, im Aroma w\u00fcrzig und mit dem Geschmack von gr\u00fcnen \u00c4pfeln.&#8216;<\/em><\/p>\n<p>Es gibt Momente, in denen ein sch\u00f6nes Glas perlender Wein die Festfreude erheblich steigert. Darum haben wir auf Basis unserer Weine Pinot Blanc, Auxerrois und Rivaner dieses sch\u00e4umende Getr\u00e4nk auf traditionelle Weise f\u00fcr Sie zusammengestellt. Schmeckt sehr gut zu Austern.<\/p>\n<h2>In Zusammenarbeit mit Kampen Destillateurs<\/h2>\n<h3>Schouwen-D\u00aeuiveland Grappae+<\/h3>\n<p>In Handarbeit und auf dem Holzfeuer und im Kupferkessel destilliert, ist dies ein seltenes Lebenswasser aus den Trauben Zeelands.<\/p>\n<h3>Schouwen-D\u00aeuiveland Grappae+ Liqueur<\/h3>\n<p>Das Lebenswasser von zeel\u00e4ndischen Trauben ist selten. In Handarbeit auf dem Holzfeuer und im Kupferkessel destilliert, ist dies ein leckerer weicher Aperitif &#8211; nicht nur f\u00fcr die Damen.<\/p>\n<h3>Schouwen-D\u00aeuiveland INCOGNITO (Zeeuwse COGNAC)<\/h3>\n<p>Dieses Destillat aus zeel\u00e4ndischem Wein entstand\u00a0nach dreij\u00e4hriger Reifung in franz\u00f6sischen Eichenf\u00e4ssern. Wir gaben ihm dem Namen \u201eSchouwen-D\u00aeuiveland INCOGNITO\u201d, da sich der gesch\u00fctzte Name Cognac nat\u00fcrlich auf\u00a0die gleichnamige franz\u00f6sische Landschaft\u00a0bezieht.<\/p>\n<h2>In Zusammenarbeit mit Cep D\u2019or in Luxemburg<br \/>\nKlicken Sie auf: <a title=\"Cep d Or Wein\" href=\"http:\/\/www.cepdor.lu\/\" target=\"_blank\" rel=\"noopener noreferrer\">www.cepdor.lu<\/a><\/h2>\n<h3>Zeeuwsch Schorretje Blanc<\/h3>\n<p>Eine nach den Vorlieben des Kellermeisters Johan van de Velde in den Weinkellern von Cep d&#8217;Or zusammengestellte Cuv\u00e9e von Pinot-Blanc und Auxerrois.<\/p>\n<h3>Zeeuwsch Schorretje Ros\u00e9<\/h3>\n<p>Eine nach den Vorlieben des Kellermeisters Johan van de Velde in den Weinkellern von Cep d&#8217;Or zusammengestellte Cuv\u00e9e von Rivaner und Pinot-Noir.<\/p>\n<h2>Von unserem Lehrbetrieb Cep D\u2019or in Luxembourg \u2013 Kellermeister Jean-Marie Veque<br \/>\nKlicken Sie auf: <a title=\"Cep D Or Wein\" href=\"http:\/\/www.cepdor.lu\/\" target=\"_blank\" rel=\"noopener noreferrer\">www.cepdor.lu<\/a><\/h2>\n<h3>Pinot Noir de Luxembourg<\/h3>\n<p>Ein hervorragender Rotwein aus den besten Lagen der Luxemburger Weinberge. Die leichte Holznote sorgt f\u00fcr\u00a0sch\u00f6ne Kombinationsm\u00f6glichkeiten.<\/p>\n<p>Auf Anfrage liefern wir selbstverst\u00e4ndlich auch andere Weine aus dem Sortiment von Cep D\u2019or.<\/p>\n<h2>Probieren\u00a0Sie selbst!<\/h2>\n<p><a title=\"Bestellen \/ Preisinformation\" href=\"https:\/\/www.dekleineschorre.nl\/de\/bestellen\" target=\"_blank\" rel=\"noopener noreferrer\">Bestellen \/ Preisinformation<\/a> | <a href=\"https:\/\/www.dekleineschorre.nl\/bestellen\/verkooppunten\">Verkaufsstellen<\/a><\/p>\n","protected":false},"excerpt":{"rendered":"<p>Unser Sortiment Unsere niederl\u00e4ndischen Weine &#8222;Alle Weine von \u201cDe Kleine Schorre\u201d sind rein und damit\u00a0technisch makellos.&#8220; &#8211; Hubrecht Duijker, Weinkolumnist des Financieel Dagblad Unsere Auswahl an Weinen wird aus klassischen Traubensorten gewonnen, die urspr\u00fcnglich aus dem Elsass stammen. Die ansprechenden Cuv\u00e9es wurden auf unsere \u201eZeel\u00e4ndischen Salzigen Delikatessen\u201c abgestimmt und passen wunderbar zu Muscheln, Austern, Oosterschelde-Hummern [&hellip;]<\/p>\n","protected":false},"author":2,"featured_media":2457,"parent":0,"menu_order":0,"comment_status":"closed","ping_status":"closed","template":"","meta":{"footnotes":""},"class_list":["post-198","page","type-page","status-publish","has-post-thumbnail","hentry"],"yoast_head":"<!-- This site is optimized with the Yoast SEO plugin v26.5 - https:\/\/yoast.com\/wordpress\/plugins\/seo\/ -->\n<title>Unser Sortiment - Wijnhoeve de Kleine Schorre<\/title>\n<meta name=\"robots\" content=\"index, follow, max-snippet:-1, max-image-preview:large, max-video-preview:-1\" \/>\n<link rel=\"canonical\" href=\"https:\/\/www.dekleineschorre.nl\/de\/198-2\" \/>\n<meta property=\"og:locale\" content=\"de_DE\" \/>\n<meta property=\"og:type\" content=\"article\" \/>\n<meta property=\"og:title\" content=\"Unser Sortiment - Wijnhoeve de Kleine Schorre\" \/>\n<meta property=\"og:description\" content=\"Unser Sortiment Unsere niederl\u00e4ndischen Weine &#8222;Alle Weine von \u201cDe Kleine Schorre\u201d sind rein und damit\u00a0technisch makellos.&#8220; &#8211; Hubrecht Duijker, Weinkolumnist des Financieel Dagblad Unsere Auswahl an Weinen wird aus klassischen Traubensorten gewonnen, die urspr\u00fcnglich aus dem Elsass stammen. Die ansprechenden Cuv\u00e9es wurden auf unsere \u201eZeel\u00e4ndischen Salzigen Delikatessen\u201c abgestimmt und passen wunderbar zu Muscheln, Austern, Oosterschelde-Hummern [&hellip;]\" \/>\n<meta property=\"og:url\" content=\"https:\/\/www.dekleineschorre.nl\/de\/198-2\" \/>\n<meta property=\"og:site_name\" content=\"Wijnhoeve de Kleine Schorre\" \/>\n<meta property=\"article:modified_time\" content=\"2022-02-09T18:28:01+00:00\" \/>\n<meta property=\"og:image\" content=\"https:\/\/www.dekleineschorre.nl\/wp-content\/uploads\/header-assortiment-onze-wijnen-johan-paula.jpg\" \/>\n\t<meta property=\"og:image:width\" content=\"2000\" \/>\n\t<meta property=\"og:image:height\" content=\"616\" \/>\n\t<meta property=\"og:image:type\" content=\"image\/jpeg\" \/>\n<meta name=\"twitter:label1\" content=\"Gesch\u00e4tzte Lesezeit\" \/>\n\t<meta name=\"twitter:data1\" content=\"3\u00a0Minuten\" \/>\n<script type=\"application\/ld+json\" class=\"yoast-schema-graph\">{\"@context\":\"https:\/\/schema.org\",\"@graph\":[{\"@type\":\"WebPage\",\"@id\":\"https:\/\/www.dekleineschorre.nl\/de\/198-2\",\"url\":\"https:\/\/www.dekleineschorre.nl\/de\/198-2\",\"name\":\"Unser Sortiment - Wijnhoeve de Kleine Schorre\",\"isPartOf\":{\"@id\":\"https:\/\/www.dekleineschorre.nl\/#website\"},\"primaryImageOfPage\":{\"@id\":\"https:\/\/www.dekleineschorre.nl\/de\/198-2#primaryimage\"},\"image\":{\"@id\":\"https:\/\/www.dekleineschorre.nl\/de\/198-2#primaryimage\"},\"thumbnailUrl\":\"https:\/\/www.dekleineschorre.nl\/wp-content\/uploads\/header-assortiment-onze-wijnen-johan-paula.jpg\",\"datePublished\":\"2014-06-12T15:00:11+00:00\",\"dateModified\":\"2022-02-09T18:28:01+00:00\",\"breadcrumb\":{\"@id\":\"https:\/\/www.dekleineschorre.nl\/de\/198-2#breadcrumb\"},\"inLanguage\":\"de\",\"potentialAction\":[{\"@type\":\"ReadAction\",\"target\":[\"https:\/\/www.dekleineschorre.nl\/de\/198-2\"]}]},{\"@type\":\"ImageObject\",\"inLanguage\":\"de\",\"@id\":\"https:\/\/www.dekleineschorre.nl\/de\/198-2#primaryimage\",\"url\":\"https:\/\/www.dekleineschorre.nl\/wp-content\/uploads\/header-assortiment-onze-wijnen-johan-paula.jpg\",\"contentUrl\":\"https:\/\/www.dekleineschorre.nl\/wp-content\/uploads\/header-assortiment-onze-wijnen-johan-paula.jpg\",\"width\":2000,\"height\":616},{\"@type\":\"BreadcrumbList\",\"@id\":\"https:\/\/www.dekleineschorre.nl\/de\/198-2#breadcrumb\",\"itemListElement\":[{\"@type\":\"ListItem\",\"position\":1,\"name\":\"Home\",\"item\":\"https:\/\/www.dekleineschorre.nl\/de\"},{\"@type\":\"ListItem\",\"position\":2,\"name\":\"Unser Sortiment\"}]},{\"@type\":\"WebSite\",\"@id\":\"https:\/\/www.dekleineschorre.nl\/#website\",\"url\":\"https:\/\/www.dekleineschorre.nl\/\",\"name\":\"Wijnhoeve de Kleine Schorre\",\"description\":\"\",\"potentialAction\":[{\"@type\":\"SearchAction\",\"target\":{\"@type\":\"EntryPoint\",\"urlTemplate\":\"https:\/\/www.dekleineschorre.nl\/?s={search_term_string}\"},\"query-input\":{\"@type\":\"PropertyValueSpecification\",\"valueRequired\":true,\"valueName\":\"search_term_string\"}}],\"inLanguage\":\"de\"}]}<\/script>\n<!-- \/ Yoast SEO plugin. -->","yoast_head_json":{"title":"Unser Sortiment - Wijnhoeve de Kleine Schorre","robots":{"index":"index","follow":"follow","max-snippet":"max-snippet:-1","max-image-preview":"max-image-preview:large","max-video-preview":"max-video-preview:-1"},"canonical":"https:\/\/www.dekleineschorre.nl\/de\/198-2","og_locale":"de_DE","og_type":"article","og_title":"Unser Sortiment - Wijnhoeve de Kleine Schorre","og_description":"Unser Sortiment Unsere niederl\u00e4ndischen Weine &#8222;Alle Weine von \u201cDe Kleine Schorre\u201d sind rein und damit\u00a0technisch makellos.&#8220; &#8211; Hubrecht Duijker, Weinkolumnist des Financieel Dagblad Unsere Auswahl an Weinen wird aus klassischen Traubensorten gewonnen, die urspr\u00fcnglich aus dem Elsass stammen. Die ansprechenden Cuv\u00e9es wurden auf unsere \u201eZeel\u00e4ndischen Salzigen Delikatessen\u201c abgestimmt und passen wunderbar zu Muscheln, Austern, Oosterschelde-Hummern [&hellip;]","og_url":"https:\/\/www.dekleineschorre.nl\/de\/198-2","og_site_name":"Wijnhoeve de Kleine Schorre","article_modified_time":"2022-02-09T18:28:01+00:00","og_image":[{"width":2000,"height":616,"url":"https:\/\/www.dekleineschorre.nl\/wp-content\/uploads\/header-assortiment-onze-wijnen-johan-paula.jpg","type":"image\/jpeg"}],"twitter_misc":{"Gesch\u00e4tzte Lesezeit":"3\u00a0Minuten"},"schema":{"@context":"https:\/\/schema.org","@graph":[{"@type":"WebPage","@id":"https:\/\/www.dekleineschorre.nl\/de\/198-2","url":"https:\/\/www.dekleineschorre.nl\/de\/198-2","name":"Unser Sortiment - Wijnhoeve de Kleine Schorre","isPartOf":{"@id":"https:\/\/www.dekleineschorre.nl\/#website"},"primaryImageOfPage":{"@id":"https:\/\/www.dekleineschorre.nl\/de\/198-2#primaryimage"},"image":{"@id":"https:\/\/www.dekleineschorre.nl\/de\/198-2#primaryimage"},"thumbnailUrl":"https:\/\/www.dekleineschorre.nl\/wp-content\/uploads\/header-assortiment-onze-wijnen-johan-paula.jpg","datePublished":"2014-06-12T15:00:11+00:00","dateModified":"2022-02-09T18:28:01+00:00","breadcrumb":{"@id":"https:\/\/www.dekleineschorre.nl\/de\/198-2#breadcrumb"},"inLanguage":"de","potentialAction":[{"@type":"ReadAction","target":["https:\/\/www.dekleineschorre.nl\/de\/198-2"]}]},{"@type":"ImageObject","inLanguage":"de","@id":"https:\/\/www.dekleineschorre.nl\/de\/198-2#primaryimage","url":"https:\/\/www.dekleineschorre.nl\/wp-content\/uploads\/header-assortiment-onze-wijnen-johan-paula.jpg","contentUrl":"https:\/\/www.dekleineschorre.nl\/wp-content\/uploads\/header-assortiment-onze-wijnen-johan-paula.jpg","width":2000,"height":616},{"@type":"BreadcrumbList","@id":"https:\/\/www.dekleineschorre.nl\/de\/198-2#breadcrumb","itemListElement":[{"@type":"ListItem","position":1,"name":"Home","item":"https:\/\/www.dekleineschorre.nl\/de"},{"@type":"ListItem","position":2,"name":"Unser Sortiment"}]},{"@type":"WebSite","@id":"https:\/\/www.dekleineschorre.nl\/#website","url":"https:\/\/www.dekleineschorre.nl\/","name":"Wijnhoeve de Kleine Schorre","description":"","potentialAction":[{"@type":"SearchAction","target":{"@type":"EntryPoint","urlTemplate":"https:\/\/www.dekleineschorre.nl\/?s={search_term_string}"},"query-input":{"@type":"PropertyValueSpecification","valueRequired":true,"valueName":"search_term_string"}}],"inLanguage":"de"}]}},"_links":{"self":[{"href":"https:\/\/www.dekleineschorre.nl\/de\/wp-json\/wp\/v2\/pages\/198","targetHints":{"allow":["GET"]}}],"collection":[{"href":"https:\/\/www.dekleineschorre.nl\/de\/wp-json\/wp\/v2\/pages"}],"about":[{"href":"https:\/\/www.dekleineschorre.nl\/de\/wp-json\/wp\/v2\/types\/page"}],"author":[{"embeddable":true,"href":"https:\/\/www.dekleineschorre.nl\/de\/wp-json\/wp\/v2\/users\/2"}],"replies":[{"embeddable":true,"href":"https:\/\/www.dekleineschorre.nl\/de\/wp-json\/wp\/v2\/comments?post=198"}],"version-history":[{"count":17,"href":"https:\/\/www.dekleineschorre.nl\/de\/wp-json\/wp\/v2\/pages\/198\/revisions"}],"predecessor-version":[{"id":3606,"href":"https:\/\/www.dekleineschorre.nl\/de\/wp-json\/wp\/v2\/pages\/198\/revisions\/3606"}],"wp:featuredmedia":[{"embeddable":true,"href":"https:\/\/www.dekleineschorre.nl\/de\/wp-json\/wp\/v2\/media\/2457"}],"wp:attachment":[{"href":"https:\/\/www.dekleineschorre.nl\/de\/wp-json\/wp\/v2\/media?parent=198"}],"curies":[{"name":"wp","href":"https:\/\/api.w.org\/{rel}","templated":true}]}}