{"id":193,"date":"2014-06-12T16:55:33","date_gmt":"2014-06-12T14:55:33","guid":{"rendered":"http:\/\/dekleineschorre.nl\/dev\/?page_id=193"},"modified":"2020-01-07T15:40:43","modified_gmt":"2020-01-07T14:40:43","slug":"agenda-2","status":"publish","type":"page","link":"https:\/\/www.dekleineschorre.nl\/de\/agenda-2","title":{"rendered":"Kalender"},"content":{"rendered":"<h1>Kalender<\/h1>\n<p><strong>Zwischen dem 15. Mai und 15. September bieten wir Ihnen jeden Mittwoch um 15 Uhr eine F\u00fchrung \u00fcber das Gel\u00e4nde des Weinguts. Dazu servieren wir Ihnen ein Glas Wein f\u00fcr 6.50 \u20ac pro Person. Im Juli und August gibt es zus\u00e4tzlich jeden Donnerstag um 11 Uhr die M\u00f6glichkeit eines Rundgangs. Tickets erhalten Sie in unserem Ladengesch\u00e4ft auf dem Weingut.<\/strong><\/p>\n<p>Besichtigungen und Weinproben im Probierlokal De Kleine Schorre f\u00fcr Gruppen ab 10 Personen nach Terminabsprache. <a href=\"https:\/\/www.dekleineschorre.nl\/de\/besuchen\/fuhrung-weinprobe\">Weitere Informationen<\/a><\/p>\n<p>Geburtstage, Feste, Partys, Diners oder Hochzeitsfeiern im Probierlokal De Kleine Schorre f\u00fcr Gruppen ab 10 Personen nach Terminabsprache. <a href=\"https:\/\/www.dekleineschorre.nl\/de\/probierlokal\">Weitere Informationen<\/a><\/p>\n<hr \/>\n<p><a href=\"https:\/\/www.proeflokaaldekleineschorre.nl\/agenda-2\" rel=\"noopener\" target=\"_blank\">Die vollst\u00e4ndige Agenda finden Sie hier<\/a><\/p>\n<h3>Freitag, 31. Juli 2020: Weinfest!<\/h3>\n<p>Von\u00a016 bis\u00a024 Uhr \u00a0Zeel\u00e4ndisches Weinfest, freier Eintritt f\u00fcr alle Besucher. Weitere Informationen finden Sie hier:\u00a0<a href=\"http:\/\/www.zeeuws-wijnfeest.nl\/\">www.zeeuws-wijnfeest.nl<\/a><\/p>\n<h3>Samstag, 1. August 2020: Weinfest!<\/h3>\n<p>Von 13\u00a0bis 23\u00a0Uhr \u00a0Zeel\u00e4ndisches Weinfest, freier Eintritt f\u00fcr alle Besucher. Weitere Informationen finden Sie hier:\u00a0<a href=\"http:\/\/www.zeeuws-wijnfeest.nl\/\">www.zeeuws-wijnfeest.nl<\/a><\/p>\n<hr \/>\n<h3>Weinseminar<\/h3>\n<p><em>Weinverkostung bei der Kleinen Schorre<\/em><br \/>\nDieser professionelle SDEN 3 Weinkurs richtet sich an ambitionierte Weintester und vor allem an<br \/>\nWeinliebhaber, die ihre Weinkenntnisse noch weiter ausbauen m\u00f6chten. Schlie\u00dflich nimmt der Genuss des<br \/>\nWeines nur noch weiter zu, je mehr man \u00fcber Wein wei\u00df. Das Seminar ist in 12 Einheiten \u00e0 2.5 Stunden<br \/>\naufgeteilt und wird \u00fcber die Geschichte des Weines, aber auch die Weinbereitung, diverse Weinanbaugebiete<br \/>\nund die Weinhandhabung informieren und Weinproben umfassen. Neben dem Theorieteil wird der Fokus auf<br \/>\ndem so genannten \u201eblinden\u201c Kosten des Weines liegen: Die Kursteilnehmer\/innen formulieren eine eigene<br \/>\nBeschreibung des gekosteten Weins und anschlie\u00dfend besprechen sie die Weine gemeinsam, damit die<br \/>\nTeilnehmer\/innen auch voneinander lernen k\u00f6nnen. Der Kurs animiert zum Selbststudium in Theorie und<br \/>\nPraxis.<br \/>\nEs besteht die M\u00f6glichkeit, den Kurs mit einem Zertifikat abzuschlie\u00dfen (ist nicht verpflichtend).<br \/>\nAngeleitet wird der Kurs vom Weinkenner Peter Wielhouwer. Die Kosten des Seminars betragen 395 \u20ac inkl.<br \/>\nMwSt.<br \/>\nF\u00fcr weitere Informationen und Anmeldungen f\u00fcllen Sie bitte unser Kontaktformular aus.<\/p>\n","protected":false},"excerpt":{"rendered":"<p>Kalender Zwischen dem 15. Mai und 15. September bieten wir Ihnen jeden Mittwoch um 15 Uhr eine F\u00fchrung \u00fcber das Gel\u00e4nde des Weinguts. Dazu servieren wir Ihnen ein Glas Wein f\u00fcr 6.50 \u20ac pro Person. Im Juli und August gibt es zus\u00e4tzlich jeden Donnerstag um 11 Uhr die M\u00f6glichkeit eines Rundgangs. Tickets erhalten Sie in [&hellip;]<\/p>\n","protected":false},"author":2,"featured_media":2403,"parent":0,"menu_order":0,"comment_status":"closed","ping_status":"closed","template":"","meta":{"footnotes":""},"class_list":["post-193","page","type-page","status-publish","has-post-thumbnail","hentry"],"yoast_head":"<!-- This site is optimized with the Yoast SEO plugin v26.5 - https:\/\/yoast.com\/wordpress\/plugins\/seo\/ -->\n<title>Kalender - Wijnhoeve de Kleine Schorre<\/title>\n<meta name=\"robots\" content=\"index, follow, max-snippet:-1, max-image-preview:large, max-video-preview:-1\" \/>\n<link rel=\"canonical\" href=\"https:\/\/www.dekleineschorre.nl\/de\/agenda-2\" \/>\n<meta property=\"og:locale\" content=\"de_DE\" \/>\n<meta property=\"og:type\" content=\"article\" \/>\n<meta property=\"og:title\" content=\"Kalender - Wijnhoeve de Kleine Schorre\" \/>\n<meta property=\"og:description\" content=\"Kalender Zwischen dem 15. Mai und 15. September bieten wir Ihnen jeden Mittwoch um 15 Uhr eine F\u00fchrung \u00fcber das Gel\u00e4nde des Weinguts. Dazu servieren wir Ihnen ein Glas Wein f\u00fcr 6.50 \u20ac pro Person. Im Juli und August gibt es zus\u00e4tzlich jeden Donnerstag um 11 Uhr die M\u00f6glichkeit eines Rundgangs. Tickets erhalten Sie in [&hellip;]\" \/>\n<meta property=\"og:url\" content=\"https:\/\/www.dekleineschorre.nl\/de\/agenda-2\" \/>\n<meta property=\"og:site_name\" content=\"Wijnhoeve de Kleine Schorre\" \/>\n<meta property=\"article:modified_time\" content=\"2020-01-07T14:40:43+00:00\" \/>\n<meta property=\"og:image\" content=\"https:\/\/www.dekleineschorre.nl\/wp-content\/uploads\/header-agenda-wijnfeest-dreischor.jpg\" \/>\n\t<meta property=\"og:image:width\" content=\"2000\" \/>\n\t<meta property=\"og:image:height\" content=\"616\" \/>\n\t<meta property=\"og:image:type\" content=\"image\/jpeg\" \/>\n<meta name=\"twitter:label1\" content=\"Gesch\u00e4tzte Lesezeit\" \/>\n\t<meta name=\"twitter:data1\" content=\"2\u00a0Minuten\" \/>\n<script type=\"application\/ld+json\" class=\"yoast-schema-graph\">{\"@context\":\"https:\/\/schema.org\",\"@graph\":[{\"@type\":\"WebPage\",\"@id\":\"https:\/\/www.dekleineschorre.nl\/de\/agenda-2\",\"url\":\"https:\/\/www.dekleineschorre.nl\/de\/agenda-2\",\"name\":\"Kalender - Wijnhoeve de Kleine Schorre\",\"isPartOf\":{\"@id\":\"https:\/\/www.dekleineschorre.nl\/#website\"},\"primaryImageOfPage\":{\"@id\":\"https:\/\/www.dekleineschorre.nl\/de\/agenda-2#primaryimage\"},\"image\":{\"@id\":\"https:\/\/www.dekleineschorre.nl\/de\/agenda-2#primaryimage\"},\"thumbnailUrl\":\"https:\/\/www.dekleineschorre.nl\/wp-content\/uploads\/header-agenda-wijnfeest-dreischor.jpg\",\"datePublished\":\"2014-06-12T14:55:33+00:00\",\"dateModified\":\"2020-01-07T14:40:43+00:00\",\"breadcrumb\":{\"@id\":\"https:\/\/www.dekleineschorre.nl\/de\/agenda-2#breadcrumb\"},\"inLanguage\":\"de\",\"potentialAction\":[{\"@type\":\"ReadAction\",\"target\":[\"https:\/\/www.dekleineschorre.nl\/de\/agenda-2\"]}]},{\"@type\":\"ImageObject\",\"inLanguage\":\"de\",\"@id\":\"https:\/\/www.dekleineschorre.nl\/de\/agenda-2#primaryimage\",\"url\":\"https:\/\/www.dekleineschorre.nl\/wp-content\/uploads\/header-agenda-wijnfeest-dreischor.jpg\",\"contentUrl\":\"https:\/\/www.dekleineschorre.nl\/wp-content\/uploads\/header-agenda-wijnfeest-dreischor.jpg\",\"width\":2000,\"height\":616},{\"@type\":\"BreadcrumbList\",\"@id\":\"https:\/\/www.dekleineschorre.nl\/de\/agenda-2#breadcrumb\",\"itemListElement\":[{\"@type\":\"ListItem\",\"position\":1,\"name\":\"Home\",\"item\":\"https:\/\/www.dekleineschorre.nl\/de\"},{\"@type\":\"ListItem\",\"position\":2,\"name\":\"Kalender\"}]},{\"@type\":\"WebSite\",\"@id\":\"https:\/\/www.dekleineschorre.nl\/#website\",\"url\":\"https:\/\/www.dekleineschorre.nl\/\",\"name\":\"Wijnhoeve de Kleine Schorre\",\"description\":\"\",\"potentialAction\":[{\"@type\":\"SearchAction\",\"target\":{\"@type\":\"EntryPoint\",\"urlTemplate\":\"https:\/\/www.dekleineschorre.nl\/?s={search_term_string}\"},\"query-input\":{\"@type\":\"PropertyValueSpecification\",\"valueRequired\":true,\"valueName\":\"search_term_string\"}}],\"inLanguage\":\"de\"}]}<\/script>\n<!-- \/ Yoast SEO plugin. -->","yoast_head_json":{"title":"Kalender - Wijnhoeve de Kleine Schorre","robots":{"index":"index","follow":"follow","max-snippet":"max-snippet:-1","max-image-preview":"max-image-preview:large","max-video-preview":"max-video-preview:-1"},"canonical":"https:\/\/www.dekleineschorre.nl\/de\/agenda-2","og_locale":"de_DE","og_type":"article","og_title":"Kalender - Wijnhoeve de Kleine Schorre","og_description":"Kalender Zwischen dem 15. Mai und 15. September bieten wir Ihnen jeden Mittwoch um 15 Uhr eine F\u00fchrung \u00fcber das Gel\u00e4nde des Weinguts. Dazu servieren wir Ihnen ein Glas Wein f\u00fcr 6.50 \u20ac pro Person. Im Juli und August gibt es zus\u00e4tzlich jeden Donnerstag um 11 Uhr die M\u00f6glichkeit eines Rundgangs. Tickets erhalten Sie in [&hellip;]","og_url":"https:\/\/www.dekleineschorre.nl\/de\/agenda-2","og_site_name":"Wijnhoeve de Kleine Schorre","article_modified_time":"2020-01-07T14:40:43+00:00","og_image":[{"width":2000,"height":616,"url":"https:\/\/www.dekleineschorre.nl\/wp-content\/uploads\/header-agenda-wijnfeest-dreischor.jpg","type":"image\/jpeg"}],"twitter_misc":{"Gesch\u00e4tzte Lesezeit":"2\u00a0Minuten"},"schema":{"@context":"https:\/\/schema.org","@graph":[{"@type":"WebPage","@id":"https:\/\/www.dekleineschorre.nl\/de\/agenda-2","url":"https:\/\/www.dekleineschorre.nl\/de\/agenda-2","name":"Kalender - Wijnhoeve de Kleine Schorre","isPartOf":{"@id":"https:\/\/www.dekleineschorre.nl\/#website"},"primaryImageOfPage":{"@id":"https:\/\/www.dekleineschorre.nl\/de\/agenda-2#primaryimage"},"image":{"@id":"https:\/\/www.dekleineschorre.nl\/de\/agenda-2#primaryimage"},"thumbnailUrl":"https:\/\/www.dekleineschorre.nl\/wp-content\/uploads\/header-agenda-wijnfeest-dreischor.jpg","datePublished":"2014-06-12T14:55:33+00:00","dateModified":"2020-01-07T14:40:43+00:00","breadcrumb":{"@id":"https:\/\/www.dekleineschorre.nl\/de\/agenda-2#breadcrumb"},"inLanguage":"de","potentialAction":[{"@type":"ReadAction","target":["https:\/\/www.dekleineschorre.nl\/de\/agenda-2"]}]},{"@type":"ImageObject","inLanguage":"de","@id":"https:\/\/www.dekleineschorre.nl\/de\/agenda-2#primaryimage","url":"https:\/\/www.dekleineschorre.nl\/wp-content\/uploads\/header-agenda-wijnfeest-dreischor.jpg","contentUrl":"https:\/\/www.dekleineschorre.nl\/wp-content\/uploads\/header-agenda-wijnfeest-dreischor.jpg","width":2000,"height":616},{"@type":"BreadcrumbList","@id":"https:\/\/www.dekleineschorre.nl\/de\/agenda-2#breadcrumb","itemListElement":[{"@type":"ListItem","position":1,"name":"Home","item":"https:\/\/www.dekleineschorre.nl\/de"},{"@type":"ListItem","position":2,"name":"Kalender"}]},{"@type":"WebSite","@id":"https:\/\/www.dekleineschorre.nl\/#website","url":"https:\/\/www.dekleineschorre.nl\/","name":"Wijnhoeve de Kleine Schorre","description":"","potentialAction":[{"@type":"SearchAction","target":{"@type":"EntryPoint","urlTemplate":"https:\/\/www.dekleineschorre.nl\/?s={search_term_string}"},"query-input":{"@type":"PropertyValueSpecification","valueRequired":true,"valueName":"search_term_string"}}],"inLanguage":"de"}]}},"_links":{"self":[{"href":"https:\/\/www.dekleineschorre.nl\/de\/wp-json\/wp\/v2\/pages\/193","targetHints":{"allow":["GET"]}}],"collection":[{"href":"https:\/\/www.dekleineschorre.nl\/de\/wp-json\/wp\/v2\/pages"}],"about":[{"href":"https:\/\/www.dekleineschorre.nl\/de\/wp-json\/wp\/v2\/types\/page"}],"author":[{"embeddable":true,"href":"https:\/\/www.dekleineschorre.nl\/de\/wp-json\/wp\/v2\/users\/2"}],"replies":[{"embeddable":true,"href":"https:\/\/www.dekleineschorre.nl\/de\/wp-json\/wp\/v2\/comments?post=193"}],"version-history":[{"count":13,"href":"https:\/\/www.dekleineschorre.nl\/de\/wp-json\/wp\/v2\/pages\/193\/revisions"}],"predecessor-version":[{"id":3252,"href":"https:\/\/www.dekleineschorre.nl\/de\/wp-json\/wp\/v2\/pages\/193\/revisions\/3252"}],"wp:featuredmedia":[{"embeddable":true,"href":"https:\/\/www.dekleineschorre.nl\/de\/wp-json\/wp\/v2\/media\/2403"}],"wp:attachment":[{"href":"https:\/\/www.dekleineschorre.nl\/de\/wp-json\/wp\/v2\/media?parent=193"}],"curies":[{"name":"wp","href":"https:\/\/api.w.org\/{rel}","templated":true}]}}