{"id":147,"date":"2014-06-12T11:47:52","date_gmt":"2014-06-12T09:47:52","guid":{"rendered":"http:\/\/dekleineschorre.nl\/dev\/?page_id=147"},"modified":"2022-03-21T14:54:48","modified_gmt":"2022-03-21T13:54:48","slug":"historie","status":"publish","type":"page","link":"https:\/\/www.dekleineschorre.nl\/de\/historie","title":{"rendered":"Geschichte"},"content":{"rendered":"<h1>Unsere\u00a0Geschichte<\/h1>\n<p>2001 wurde das Weingut De Kleine Schorre gegr\u00fcndet. Zusammen mit dem renommierten, luxemburgischen Weinunternehmen Cep d&#8217;Or wurde eine strenge Auswahl von Trauben getroffen. Die Wahl dieser Traubensorten basierte auf ganz bestimmten\u00a0Kriterien. Eines dieser Kriterien war, dass die Trauben optimal\u00a0zu den regionalen Eigenschaften und Vorz\u00fcgen, die Zeeland schon seit je her bietet, passen sollten: n\u00e4mlich zu den sogenannten \u201eZeeuwse Zilte Zaligheden\u201c (herzhafte K\u00f6stlichkeiten Zeelands). Diese herzhaften K\u00f6stlichkeiten umfassen Muscheln, Osterschelde-Krebs, Austern, Plattfisch, Salzaster und Meeresspargel (Queller). Es wurden deshalb folgende Traubensorte ausgew\u00e4hlt: Pinot Gris, Pinot Blanc, Rivaner und Auxerrois.<\/p>\n<h2>Der Weingarten<\/h2>\n<p>Zur Zeit\u00a0sind bereits\u00a063 000 Weinst\u00f6cke in Planung. Der Weingarten ist mittlerweile auf 14 ha angewachsen und damit einer der gr\u00f6\u00dften Weing\u00e4rten der Niederlanden. In der Scheune des Weingutes sind die Weinkeller und Probierr\u00e4ume untergebracht. Zur Erntezeit ist das Weingut auf Freiwillige angewiesen, um die Trauben zu pfl\u00fccken. Die Trauben werden unter gr\u00f6\u00dfter Sorgfalt im Keller des Weingutes verarbeitet.<\/p>\n<h2>Freunde des Weingutes<\/h2>\n<p>Das Weingut De Kleine Schorre wurde von\u00a0sechs Unternehmern aufgebaut und ist mittlerweile zu einem florierenden zeel\u00e4ndischen Betrieb geworden. Das Weingut De Kleine Schorre hat eine besondere Struktur. Neben den f\u00fcnf Teilhabern sind noch 25 Zertifikat-Besitzer am Weingut beteiligt. Au\u00dferdem verf\u00fcgt das Weingut \u00fcber ein umfangreiches\u00a0Netzwerk. Dies resultiert aus\u00a0der M\u00f6glichkeit, Weinst\u00f6cke f\u00fcr eine bestimmte Laufzeit zu leasen. Damit kann jeder anteilig und f\u00fcr eine bestimmte Dauer\u00a0Eigent\u00fcmer des Weingutes sein. F\u00fcr mehr Information klicken Sie bitte hier. M\u00f6chten\u00a0Sie auch Freund des Weinguts werden, klicken Sie bitte hier.<\/p>\n<p>Das Weingut De Kleine Schorre liegt im typischen zeel\u00e4ndischen Ringdorf Dreischor auf der Insel Schouwen D\u00aeuivenland. Mit seiner authentischen schwarz geteerten Scheune aus dem Jahre 1735 ist sie eine der \u00e4ltesten Bauernh\u00f6fe von Dreischor.<\/p>\n","protected":false},"excerpt":{"rendered":"<p>Unsere\u00a0Geschichte 2001 wurde das Weingut De Kleine Schorre gegr\u00fcndet. Zusammen mit dem renommierten, luxemburgischen Weinunternehmen Cep d&#8217;Or wurde eine strenge Auswahl von Trauben getroffen. Die Wahl dieser Traubensorten basierte auf ganz bestimmten\u00a0Kriterien. Eines dieser Kriterien war, dass die Trauben optimal\u00a0zu den regionalen Eigenschaften und Vorz\u00fcgen, die Zeeland schon seit je her bietet, passen sollten: n\u00e4mlich [&hellip;]<\/p>\n","protected":false},"author":2,"featured_media":2408,"parent":0,"menu_order":0,"comment_status":"closed","ping_status":"closed","template":"","meta":{"footnotes":""},"class_list":["post-147","page","type-page","status-publish","has-post-thumbnail","hentry"],"yoast_head":"<!-- This site is optimized with the Yoast SEO plugin v26.5 - https:\/\/yoast.com\/wordpress\/plugins\/seo\/ -->\n<title>Geschichte - Wijnhoeve de Kleine Schorre<\/title>\n<meta name=\"robots\" content=\"index, follow, max-snippet:-1, max-image-preview:large, max-video-preview:-1\" \/>\n<link rel=\"canonical\" href=\"https:\/\/www.dekleineschorre.nl\/de\/historie\" \/>\n<meta property=\"og:locale\" content=\"de_DE\" \/>\n<meta property=\"og:type\" content=\"article\" \/>\n<meta property=\"og:title\" content=\"Geschichte - Wijnhoeve de Kleine Schorre\" \/>\n<meta property=\"og:description\" content=\"Unsere\u00a0Geschichte 2001 wurde das Weingut De Kleine Schorre gegr\u00fcndet. Zusammen mit dem renommierten, luxemburgischen Weinunternehmen Cep d&#8217;Or wurde eine strenge Auswahl von Trauben getroffen. Die Wahl dieser Traubensorten basierte auf ganz bestimmten\u00a0Kriterien. Eines dieser Kriterien war, dass die Trauben optimal\u00a0zu den regionalen Eigenschaften und Vorz\u00fcgen, die Zeeland schon seit je her bietet, passen sollten: n\u00e4mlich [&hellip;]\" \/>\n<meta property=\"og:url\" content=\"https:\/\/www.dekleineschorre.nl\/de\/historie\" \/>\n<meta property=\"og:site_name\" content=\"Wijnhoeve de Kleine Schorre\" \/>\n<meta property=\"article:modified_time\" content=\"2022-03-21T13:54:48+00:00\" \/>\n<meta property=\"og:image\" content=\"https:\/\/www.dekleineschorre.nl\/wp-content\/uploads\/header-geschiedenis-druiven-plukken-wijnhoeve.jpg\" \/>\n\t<meta property=\"og:image:width\" content=\"2000\" \/>\n\t<meta property=\"og:image:height\" content=\"616\" \/>\n\t<meta property=\"og:image:type\" content=\"image\/jpeg\" \/>\n<meta name=\"twitter:label1\" content=\"Gesch\u00e4tzte Lesezeit\" \/>\n\t<meta name=\"twitter:data1\" content=\"2\u00a0Minuten\" \/>\n<script type=\"application\/ld+json\" class=\"yoast-schema-graph\">{\"@context\":\"https:\/\/schema.org\",\"@graph\":[{\"@type\":\"WebPage\",\"@id\":\"https:\/\/www.dekleineschorre.nl\/de\/historie\",\"url\":\"https:\/\/www.dekleineschorre.nl\/de\/historie\",\"name\":\"Geschichte - Wijnhoeve de Kleine Schorre\",\"isPartOf\":{\"@id\":\"https:\/\/www.dekleineschorre.nl\/#website\"},\"primaryImageOfPage\":{\"@id\":\"https:\/\/www.dekleineschorre.nl\/de\/historie#primaryimage\"},\"image\":{\"@id\":\"https:\/\/www.dekleineschorre.nl\/de\/historie#primaryimage\"},\"thumbnailUrl\":\"https:\/\/www.dekleineschorre.nl\/wp-content\/uploads\/header-geschiedenis-druiven-plukken-wijnhoeve.jpg\",\"datePublished\":\"2014-06-12T09:47:52+00:00\",\"dateModified\":\"2022-03-21T13:54:48+00:00\",\"breadcrumb\":{\"@id\":\"https:\/\/www.dekleineschorre.nl\/de\/historie#breadcrumb\"},\"inLanguage\":\"de\",\"potentialAction\":[{\"@type\":\"ReadAction\",\"target\":[\"https:\/\/www.dekleineschorre.nl\/de\/historie\"]}]},{\"@type\":\"ImageObject\",\"inLanguage\":\"de\",\"@id\":\"https:\/\/www.dekleineschorre.nl\/de\/historie#primaryimage\",\"url\":\"https:\/\/www.dekleineschorre.nl\/wp-content\/uploads\/header-geschiedenis-druiven-plukken-wijnhoeve.jpg\",\"contentUrl\":\"https:\/\/www.dekleineschorre.nl\/wp-content\/uploads\/header-geschiedenis-druiven-plukken-wijnhoeve.jpg\",\"width\":2000,\"height\":616},{\"@type\":\"BreadcrumbList\",\"@id\":\"https:\/\/www.dekleineschorre.nl\/de\/historie#breadcrumb\",\"itemListElement\":[{\"@type\":\"ListItem\",\"position\":1,\"name\":\"Home\",\"item\":\"https:\/\/www.dekleineschorre.nl\/de\"},{\"@type\":\"ListItem\",\"position\":2,\"name\":\"Geschichte\"}]},{\"@type\":\"WebSite\",\"@id\":\"https:\/\/www.dekleineschorre.nl\/#website\",\"url\":\"https:\/\/www.dekleineschorre.nl\/\",\"name\":\"Wijnhoeve de Kleine Schorre\",\"description\":\"\",\"potentialAction\":[{\"@type\":\"SearchAction\",\"target\":{\"@type\":\"EntryPoint\",\"urlTemplate\":\"https:\/\/www.dekleineschorre.nl\/?s={search_term_string}\"},\"query-input\":{\"@type\":\"PropertyValueSpecification\",\"valueRequired\":true,\"valueName\":\"search_term_string\"}}],\"inLanguage\":\"de\"}]}<\/script>\n<!-- \/ Yoast SEO plugin. -->","yoast_head_json":{"title":"Geschichte - Wijnhoeve de Kleine Schorre","robots":{"index":"index","follow":"follow","max-snippet":"max-snippet:-1","max-image-preview":"max-image-preview:large","max-video-preview":"max-video-preview:-1"},"canonical":"https:\/\/www.dekleineschorre.nl\/de\/historie","og_locale":"de_DE","og_type":"article","og_title":"Geschichte - Wijnhoeve de Kleine Schorre","og_description":"Unsere\u00a0Geschichte 2001 wurde das Weingut De Kleine Schorre gegr\u00fcndet. Zusammen mit dem renommierten, luxemburgischen Weinunternehmen Cep d&#8217;Or wurde eine strenge Auswahl von Trauben getroffen. Die Wahl dieser Traubensorten basierte auf ganz bestimmten\u00a0Kriterien. Eines dieser Kriterien war, dass die Trauben optimal\u00a0zu den regionalen Eigenschaften und Vorz\u00fcgen, die Zeeland schon seit je her bietet, passen sollten: n\u00e4mlich [&hellip;]","og_url":"https:\/\/www.dekleineschorre.nl\/de\/historie","og_site_name":"Wijnhoeve de Kleine Schorre","article_modified_time":"2022-03-21T13:54:48+00:00","og_image":[{"width":2000,"height":616,"url":"https:\/\/www.dekleineschorre.nl\/wp-content\/uploads\/header-geschiedenis-druiven-plukken-wijnhoeve.jpg","type":"image\/jpeg"}],"twitter_misc":{"Gesch\u00e4tzte Lesezeit":"2\u00a0Minuten"},"schema":{"@context":"https:\/\/schema.org","@graph":[{"@type":"WebPage","@id":"https:\/\/www.dekleineschorre.nl\/de\/historie","url":"https:\/\/www.dekleineschorre.nl\/de\/historie","name":"Geschichte - Wijnhoeve de Kleine Schorre","isPartOf":{"@id":"https:\/\/www.dekleineschorre.nl\/#website"},"primaryImageOfPage":{"@id":"https:\/\/www.dekleineschorre.nl\/de\/historie#primaryimage"},"image":{"@id":"https:\/\/www.dekleineschorre.nl\/de\/historie#primaryimage"},"thumbnailUrl":"https:\/\/www.dekleineschorre.nl\/wp-content\/uploads\/header-geschiedenis-druiven-plukken-wijnhoeve.jpg","datePublished":"2014-06-12T09:47:52+00:00","dateModified":"2022-03-21T13:54:48+00:00","breadcrumb":{"@id":"https:\/\/www.dekleineschorre.nl\/de\/historie#breadcrumb"},"inLanguage":"de","potentialAction":[{"@type":"ReadAction","target":["https:\/\/www.dekleineschorre.nl\/de\/historie"]}]},{"@type":"ImageObject","inLanguage":"de","@id":"https:\/\/www.dekleineschorre.nl\/de\/historie#primaryimage","url":"https:\/\/www.dekleineschorre.nl\/wp-content\/uploads\/header-geschiedenis-druiven-plukken-wijnhoeve.jpg","contentUrl":"https:\/\/www.dekleineschorre.nl\/wp-content\/uploads\/header-geschiedenis-druiven-plukken-wijnhoeve.jpg","width":2000,"height":616},{"@type":"BreadcrumbList","@id":"https:\/\/www.dekleineschorre.nl\/de\/historie#breadcrumb","itemListElement":[{"@type":"ListItem","position":1,"name":"Home","item":"https:\/\/www.dekleineschorre.nl\/de"},{"@type":"ListItem","position":2,"name":"Geschichte"}]},{"@type":"WebSite","@id":"https:\/\/www.dekleineschorre.nl\/#website","url":"https:\/\/www.dekleineschorre.nl\/","name":"Wijnhoeve de Kleine Schorre","description":"","potentialAction":[{"@type":"SearchAction","target":{"@type":"EntryPoint","urlTemplate":"https:\/\/www.dekleineschorre.nl\/?s={search_term_string}"},"query-input":{"@type":"PropertyValueSpecification","valueRequired":true,"valueName":"search_term_string"}}],"inLanguage":"de"}]}},"_links":{"self":[{"href":"https:\/\/www.dekleineschorre.nl\/de\/wp-json\/wp\/v2\/pages\/147","targetHints":{"allow":["GET"]}}],"collection":[{"href":"https:\/\/www.dekleineschorre.nl\/de\/wp-json\/wp\/v2\/pages"}],"about":[{"href":"https:\/\/www.dekleineschorre.nl\/de\/wp-json\/wp\/v2\/types\/page"}],"author":[{"embeddable":true,"href":"https:\/\/www.dekleineschorre.nl\/de\/wp-json\/wp\/v2\/users\/2"}],"replies":[{"embeddable":true,"href":"https:\/\/www.dekleineschorre.nl\/de\/wp-json\/wp\/v2\/comments?post=147"}],"version-history":[{"count":3,"href":"https:\/\/www.dekleineschorre.nl\/de\/wp-json\/wp\/v2\/pages\/147\/revisions"}],"predecessor-version":[{"id":3614,"href":"https:\/\/www.dekleineschorre.nl\/de\/wp-json\/wp\/v2\/pages\/147\/revisions\/3614"}],"wp:featuredmedia":[{"embeddable":true,"href":"https:\/\/www.dekleineschorre.nl\/de\/wp-json\/wp\/v2\/media\/2408"}],"wp:attachment":[{"href":"https:\/\/www.dekleineschorre.nl\/de\/wp-json\/wp\/v2\/media?parent=147"}],"curies":[{"name":"wp","href":"https:\/\/api.w.org\/{rel}","templated":true}]}}